{"id":13240,"date":"2015-09-30T13:41:27","date_gmt":"2015-09-30T12:41:27","guid":{"rendered":"\/?page_id=13240"},"modified":"2016-04-26T11:05:34","modified_gmt":"2016-04-26T09:05:34","slug":"nos-tracts","status":"publish","type":"page","link":"https:\/\/renouveau-democratie.eu\/fr\/promotion-reclassement\/promotions\/help-desk-rec\/nos-tracts\/","title":{"rendered":"Nos tracts"},"content":{"rendered":"<p>2016.04.13 &#8211; <a href=\"\/?p=14466\">\u201cPromoleaks\u201d: les r\u00e9v\u00e9lations de R&#038;D\u2026 (\u00e9pisode 1)<\/a><\/p>\n<p>2015.11.25 &#8211; <a href=\"\/?p=13890\">Exercice de promotion\u00a02015: une nouvelle \u00e9dition de la loterie des promotions!<\/a><\/p>\n<p>2015.06.16 &#8211; <a href=\"\/?p=12934\">Exercice de promotion: un Mur au Secr\u00e9tariat G\u00e9n\u00e9ral?<\/a><\/p>\n<p>2015.04.16 &#8211;\u00a0<a href=\"\/?p=12441\">Exercice de promotion et quotas: Oops, I did it again ! (feat. DG HR)<\/a><\/p>\n<p>2015.04.13 &#8211; <a href=\"\/2015\/04\/rd-vous-informe-exercice-de-promotion-2015\/\">R&amp;D vous informe: exercice de promotion 2015<\/a><\/p>\n<p>2014.10.24 &#8211; <a href=\"\/?p=11920\">La loterie des promotions<\/a><\/p>\n<p>2013.10.17 &#8211; <a href=\"\/?p=10441\">Exercice de promotion 2013: et le gagnant est&#8230;<\/a><\/p>\n<p>2013.06.18 &#8211; <a href=\"\/?p=10432\">Magie \u00e0 la DG CONNECT&#8230;\u00a0 et ailleurs ?<\/a><\/p>\n<p>&nbsp;<\/p>\n<p>&nbsp;<\/p>\n<p>&nbsp;<\/p>\n","protected":false},"excerpt":{"rendered":"<p>2016.04.13 &#8211; \u201cPromoleaks\u201d: les r\u00e9v\u00e9lations de R&#038;D\u2026 (\u00e9pisode 1) 2015.11.25 &#8211; Exercice de promotion\u00a02015: une nouvelle \u00e9dition de la loterie des promotions! 2015.06.16 &#8211; Exercice de promotion: un Mur au Secr\u00e9tariat G\u00e9n\u00e9ral? 2015.04.16 &#8211;\u00a0Exercice de promotion et quotas: Oops, I did it again ! (feat. DG HR) 2015.04.13 &#8211; R&amp;D vous informe: exercice de promotion [&hellip;]<\/p>\n","protected":false},"author":19,"featured_media":0,"parent":1151,"menu_order":9,"comment_status":"closed","ping_status":"closed","template":"","meta":{"footnotes":""},"_links":{"self":[{"href":"https:\/\/renouveau-democratie.eu\/fr\/wp-json\/wp\/v2\/pages\/13240"}],"collection":[{"href":"https:\/\/renouveau-democratie.eu\/fr\/wp-json\/wp\/v2\/pages"}],"about":[{"href":"https:\/\/renouveau-democratie.eu\/fr\/wp-json\/wp\/v2\/types\/page"}],"author":[{"embeddable":true,"href":"https:\/\/renouveau-democratie.eu\/fr\/wp-json\/wp\/v2\/users\/19"}],"replies":[{"embeddable":true,"href":"https:\/\/renouveau-democratie.eu\/fr\/wp-json\/wp\/v2\/comments?post=13240"}],"version-history":[{"count":11,"href":"https:\/\/renouveau-democratie.eu\/fr\/wp-json\/wp\/v2\/pages\/13240\/revisions"}],"predecessor-version":[{"id":14542,"href":"https:\/\/renouveau-democratie.eu\/fr\/wp-json\/wp\/v2\/pages\/13240\/revisions\/14542"}],"up":[{"embeddable":true,"href":"https:\/\/renouveau-democratie.eu\/fr\/wp-json\/wp\/v2\/pages\/1151"}],"wp:attachment":[{"href":"https:\/\/renouveau-democratie.eu\/fr\/wp-json\/wp\/v2\/media?parent=13240"}],"curies":[{"name":"wp","href":"https:\/\/api.w.org\/{rel}","templated":true}]}}