{"id":13192,"date":"2015-09-29T08:12:23","date_gmt":"2015-09-29T07:12:23","guid":{"rendered":"\/?page_id=13192"},"modified":"2019-10-09T15:53:27","modified_gmt":"2019-10-09T13:53:27","slug":"13192-2","status":"publish","type":"page","link":"https:\/\/renouveau-democratie.eu\/fr\/nos-services\/assurances\/13192-2\/","title":{"rendered":"Assurance compl\u00e9mentaire SANTE"},"content":{"rendered":"<p>Soucieux de votre bien-\u00eatre, <strong><span style=\"color: #339966;\">R<span style=\"color: #ff0000;\">&amp;<\/span>D<\/span><\/strong> est heureux de vous proposer, en collaboration avec \u00ab\u00a0EAS Assurances\u00a0\u00bb, une assurance compl\u00e9mentaire SANTALIA Eurosant\u00e9.<\/p>\n<p>Les remboursements sont bas\u00e9s uniquement sur les d\u00e9comptes que vous recevez du RCAM :<\/p>\n<p>&#8211; Pour les frais m\u00e9dicaux devant \u00eatre rembours\u00e9s \u00e0 85 % par le RCAM, le contrat vous remboursera 15 % de la facture pay\u00e9e.<\/p>\n<p>&#8211; Pour les frais m\u00e9dicaux devant \u00eatre rembours\u00e9s \u00e0 80 % par le RCAM, le contrat vous remboursera 20 % de la facture pay\u00e9e.<\/p>\n<p>Cela veut donc dire que si vous ne d\u00e9passez pas les plafonds du RCAM, vous \u00eates rembours\u00e9s \u00e0 100%<\/p>\n<p>Si vous d\u00e9passez ces plafonds, la compagnie Santalia vous remboursera toujours les 15 ou 20 % auxquels vous avez droit.<\/p>\n<p>Souscription jusqu\u2019\u00e0 75 ans. Pas de questionnaire m\u00e9dical.<\/p>\n<p>Santalia s\u2019engage \u00e0 r\u00e9gler vos remboursements sous 48h et ne pourra pas annuler votre contrat si votre statistique est d\u00e9favorable.<\/p>\n<p>Trois formules sont disponibles :<\/p>\n<p>&#8211; Santalia EuroSant\u00e9+ ; qui est la formule compl\u00e8te, vous couvrant pour l\u2019hospitalisation, les frais ambulatoires, le dentaire et l\u2019optique.<\/p>\n<p>&#8211; Santalia EuroHospi+ ; vous couvre uniquement pour les frais d\u2019hospitalisation en chambre personnelle (les frais ambulatoires li\u00e9s \u00e0 l\u2019hospitalisation sont \u00e9galement couverts s\u2019ils vous ont \u00e9t\u00e9 prodigu\u00e9 30 jours avant l\u2019op\u00e9ration ou 90 jours apr\u00e8s l\u2019op\u00e9ration).<\/p>\n<p>&#8211; Santalia EuroHospi ; vous couvre uniquement pour les frais d\u2019hospitalisation en chambre commune ou double (les frais ambulatoires li\u00e9s \u00e0 l\u2019hospitalisation sont \u00e9galement couverts s\u2019ils vous ont \u00e9t\u00e9 prodigu\u00e9 30 jours avant l\u2019op\u00e9ration ou 90 jours apr\u00e8s l\u2019op\u00e9ration).<\/p>\n<p>Sachez aussi qu&rsquo;un syst\u00e8me de parrainage original et unique en Belgique est mis au point. Si une de vos connaissances souscrit au contrat \u00ab Euro Sant\u00e9 + \u00bb gr\u00e2ce \u00e0 votre recommandation, vous b\u00e9n\u00e9ficierez d\u2019une r\u00e9duction, unique, de 15 \u20ac sur votre prime de l\u2019ann\u00e9e suivante, avec un maximum de 10 filleuls par an. Cela vous permettrait d\u2019avoir une r\u00e9duction pouvant aller jusqu\u2019\u00e0 150 \u20ac pour votre contrat Eurosant\u00e9 +.<\/p>\n<p>Si vous \u00eates membre <strong><span style=\"color: #339966;\">R<span style=\"color: #ff0000;\">&amp;<\/span>D<\/span><\/strong>, les 4 \u20ac mensuels de frais de courtage, que vous verrez appara\u00eetre sur le bulletin d\u2019adh\u00e9sion, sont offerts, ce qui vous fait une \u00e9conomie de 48 \u20ac par an.<\/p>\n<p>Ici, vous pourrez consulter <a href=\"\/wp-content\/uploads\/2015\/09\/Tarifs-Eurosant\u00e9-2014.pdf\">les prix<\/a>.<\/p>\n<p><em><strong>Si vous d\u00e9sirez avoir plus de renseignements, veuillez envoyer un e-mail \u00e0<\/strong><\/em>: <a href=\"mailto:OSP-RD@ec.europa.eu\">OSP-RD@ec.europa.eu<\/a> .<\/p>\n<p>&nbsp;<\/p>\n<p>&nbsp;<\/p>\n<p>&nbsp;<\/p>\n","protected":false},"excerpt":{"rendered":"<p>Soucieux de votre bien-\u00eatre, R&amp;D est heureux de vous proposer, en collaboration avec \u00ab\u00a0EAS Assurances\u00a0\u00bb, une assurance compl\u00e9mentaire SANTALIA Eurosant\u00e9. Les remboursements sont bas\u00e9s uniquement sur les d\u00e9comptes que vous recevez du RCAM : &#8211; Pour les frais m\u00e9dicaux devant \u00eatre rembours\u00e9s \u00e0 85 % par le RCAM, le contrat vous remboursera 15 % de [&hellip;]<\/p>\n","protected":false},"author":19,"featured_media":0,"parent":43,"menu_order":1,"comment_status":"closed","ping_status":"closed","template":"","meta":{"footnotes":""},"_links":{"self":[{"href":"https:\/\/renouveau-democratie.eu\/fr\/wp-json\/wp\/v2\/pages\/13192"}],"collection":[{"href":"https:\/\/renouveau-democratie.eu\/fr\/wp-json\/wp\/v2\/pages"}],"about":[{"href":"https:\/\/renouveau-democratie.eu\/fr\/wp-json\/wp\/v2\/types\/page"}],"author":[{"embeddable":true,"href":"https:\/\/renouveau-democratie.eu\/fr\/wp-json\/wp\/v2\/users\/19"}],"replies":[{"embeddable":true,"href":"https:\/\/renouveau-democratie.eu\/fr\/wp-json\/wp\/v2\/comments?post=13192"}],"version-history":[{"count":8,"href":"https:\/\/renouveau-democratie.eu\/fr\/wp-json\/wp\/v2\/pages\/13192\/revisions"}],"predecessor-version":[{"id":13221,"href":"https:\/\/renouveau-democratie.eu\/fr\/wp-json\/wp\/v2\/pages\/13192\/revisions\/13221"}],"up":[{"embeddable":true,"href":"https:\/\/renouveau-democratie.eu\/fr\/wp-json\/wp\/v2\/pages\/43"}],"wp:attachment":[{"href":"https:\/\/renouveau-democratie.eu\/fr\/wp-json\/wp\/v2\/media?parent=13192"}],"curies":[{"name":"wp","href":"https:\/\/api.w.org\/{rel}","templated":true}]}}