{"id":1263,"date":"2010-01-21T18:21:21","date_gmt":"2010-01-21T16:21:21","guid":{"rendered":"\/nos-actions\/retraites\/"},"modified":"2010-04-26T15:25:18","modified_gmt":"2010-04-26T13:25:18","slug":"retraites","status":"publish","type":"page","link":"https:\/\/renouveau-democratie.eu\/fr\/retraites\/","title":{"rendered":"Retraites"},"content":{"rendered":"<p>Kinnock a mis \u00e0 mal \u00a0nos r\u00e9gimes de pensions et la m\u00e9thode d\u2019adaptation salariale en y apportant des modifications \u00e0 la hussarde et sans aucune concertation avec les syndicats.\u00a0Le r\u00e9sultat : iI vous faudra travailler plus longtemps et cotiser plus pour atteindre le m\u00eame niveau d\u2019annuit\u00e9s et donc, le m\u00eame niveau de retraite. La m\u00e9thode d\u2019adaptation salariale a \u00e9t\u00e9 modifi\u00e9e pour faire des \u00e9conomies. Entre 2004 et 2008, la m\u00e9thode Kinnock a diminu\u00e9 votre pourvoir d\u2019achat de 2.3% en 4 ans ce qui repr\u00e9sente une \u00e9conomie inf\u00e9rieure \u00e0 1% sur l\u2019ensemble du budget communautaire. La m\u00e9thode d\u2019adaptation salariale actuelle prendra fin en 2013. Le vrai d\u00e9fi sera de la remplacer et de d\u00e9cider par quoi la remplacer.<\/p>\n<h4>NOTRE PROGRAMME 2009 &#8211; 2012<\/h4>\n<p>R&amp;D se donne pour objectifs:<\/p>\n<ul>\n<li>D\u00e9fendre le principe de l\u2019adaptation des pensions remise en cause par le Conseil.<\/li>\n<li>R\u00e9viser la m\u00e9thode de calcul en prenant en compte l\u2019int\u00e9gration des agents contractuels, en red\u00e9finissant le \u00a0type et le niveau des d\u00e9penses du personnel communautaire, en consid\u00e9rant le niveau du pouvoir d\u2019achat des nouveaux Etats membres.<\/li>\n<li>Veiller au respect et \u00e0 la reconnaissance des coll\u00e8gues en pension.<\/li>\n<li>Maintenir les droits des pensionn\u00e9s.<\/li>\n<li>Favoriser une politique volontaire d\u2019\u00abactive ageing\u00bb.<\/li>\n<li>Am\u00e9nager une maison pour les anciens, v\u00e9ritable lieu de rencontre fr\u00e9quent\u00e9 par des retrait\u00e9s, avec acc\u00e8s ordinateur, Intracomm, journaux, restaurant etc.<\/li>\n<\/ul>\n<h3>voir aussi nos tracts:<\/h3>\n<ul>\n<li><a href=\"\/fr\/category\/pensions\/\">\/fr\/category\/pensions\/<\/a><\/li>\n<li><a href=\"\/fr\/category\/pouvoir-achat\/\">\/fr\/category\/pouvoir-achat\/<\/a><\/li>\n<\/ul>\n<h3>intracomm:<\/h3>\n<ul>\n<li> <a href=\"https:\/\/myintracomm.ec.europa.eu\/hr_admin\/fr\/pension\/transfer\/Pages\/index.aspx\"> Transfert de droits \u00e0 pension<\/a><\/li>\n<li> <a title=\"La demande de d\u00e9part\" href=\"https:\/\/myintracomm.ec.europa.eu\/hr_admin\/fr\/pension\/Pages\/depart.aspx\"> La demande de d\u00e9part<\/a><\/li>\n<li> <a title=\"Allocation de  d\u00e9part\" href=\"https:\/\/myintracomm.ec.europa.eu\/hr_admin\/fr\/pension\/Pages\/sever.aspx\"> L&rsquo;allocation de d\u00e9part<\/a><\/li>\n<li> <a title=\"Allocation de ch\u00f4mage\" href=\"https:\/\/myintracomm.ec.europa.eu\/hr_admin\/fr\/pension\/Pages\/unemployment.aspx\"> L&rsquo;allocation de ch\u00f4mage<\/a><\/li>\n<\/ul>\n","protected":false},"excerpt":{"rendered":"<p>Kinnock a mis \u00e0 mal \u00a0nos r\u00e9gimes de pensions et la m\u00e9thode d\u2019adaptation salariale en y apportant des modifications \u00e0 la hussarde et sans aucune concertation avec les syndicats.\u00a0Le r\u00e9sultat : iI vous faudra travailler plus longtemps et cotiser plus pour atteindre le m\u00eame niveau d\u2019annuit\u00e9s et donc, le m\u00eame niveau de retraite. La m\u00e9thode [&hellip;]<\/p>\n","protected":false},"author":3,"featured_media":0,"parent":0,"menu_order":0,"comment_status":"closed","ping_status":"closed","template":"","meta":{"footnotes":""},"_links":{"self":[{"href":"https:\/\/renouveau-democratie.eu\/fr\/wp-json\/wp\/v2\/pages\/1263"}],"collection":[{"href":"https:\/\/renouveau-democratie.eu\/fr\/wp-json\/wp\/v2\/pages"}],"about":[{"href":"https:\/\/renouveau-democratie.eu\/fr\/wp-json\/wp\/v2\/types\/page"}],"author":[{"embeddable":true,"href":"https:\/\/renouveau-democratie.eu\/fr\/wp-json\/wp\/v2\/users\/3"}],"replies":[{"embeddable":true,"href":"https:\/\/renouveau-democratie.eu\/fr\/wp-json\/wp\/v2\/comments?post=1263"}],"version-history":[{"count":1,"href":"https:\/\/renouveau-democratie.eu\/fr\/wp-json\/wp\/v2\/pages\/1263\/revisions"}],"predecessor-version":[{"id":9490,"href":"https:\/\/renouveau-democratie.eu\/fr\/wp-json\/wp\/v2\/pages\/1263\/revisions\/9490"}],"wp:attachment":[{"href":"https:\/\/renouveau-democratie.eu\/fr\/wp-json\/wp\/v2\/media?parent=1263"}],"curies":[{"name":"wp","href":"https:\/\/api.w.org\/{rel}","templated":true}]}}