{"id":1257,"date":"2010-01-21T18:13:04","date_gmt":"2010-01-21T16:13:04","guid":{"rendered":"\/?page_id=1257"},"modified":"2025-09-11T22:24:52","modified_gmt":"2025-09-11T20:24:52","slug":"contact","status":"publish","type":"page","link":"https:\/\/renouveau-democratie.eu\/fr\/contact\/","title":{"rendered":"Contactez-nous"},"content":{"rendered":"<p>N&rsquo;h\u00e9sitez pas \u00e0 nous contacter pour toutes questions en envoyant un email \u00e0 : <strong><a href=\"mailto:OSP-RD@ec.europa.eu\">OSP-RD@ec.europa.eu<\/a> ou t\u00e9l\u00e9phoner au 02\/295.56.76<\/strong><\/p>\n<p>Renouveau &amp; D\u00e9mocratie est un syndicat dont l&rsquo;action se fonde sur trois concepts:<\/p>\n<ul>\n<li>renouveau<\/li>\n<li>ouverture<\/li>\n<li>transparence<\/li>\n<\/ul>\n<p>Cr\u00e9\u00e9 en novembre 1992, lors des \u00e9lections du Comit\u00e9 Local du Personnel,\u00a0R&amp;D\u00a0affiche d&#8217;embl\u00e9e son ambition : le renouvellement de l&rsquo;action syndicale.\u00a0R&amp;D\u00a0poursuit son action dans un esprit d&rsquo;ouverture, favorisant le dialogue non seulement avec ses affili\u00e9s, mais \u00e9galement avec les non-membres. Par souci de transparence, \u00e9lus, affili\u00e9s, sympathisants, ou encore tous les coll\u00e8gues sont convi\u00e9s \u00e0 assister aux s\u00e9ances du Comit\u00e9 Ex\u00e9cutif de R&amp;D.<\/p>\n<p>R&amp;D\u00a0axe enfin ses actions sur:<\/p>\n<ul>\n<li>une d\u00e9fense convaincue et coh\u00e9rente de la Fonction publique europ\u00e9enne<\/li>\n<li>une participation active \u00e0 la repr\u00e9sentation du personnel<\/li>\n<li>un dialogue direct et r\u00e9el avec le personnel.<\/li>\n<\/ul>\n<p>Ci-dessous la liste des vos repr\u00e9sentants \u00e9lus au sein de notre syndicat. Le Comit\u00e9 ex\u00e9cutif a \u00e9t\u00e9 \u00e9lu en 2013.<\/p>\n<p><span style=\"text-decoration: underline;\"><strong>Pr\u00e9sident<\/strong><\/span><\/p>\n<ul>\n<li><a href=\"mailto:Cristiano.Sebastiani@ec.europa.eu\">Cristiano SEBASTIANI &#8211; 0032 29 65797<\/a><\/li>\n<\/ul>\n<p><span style=\"text-decoration: underline;\"><strong>S\u00e9cretaire g\u00e9n\u00e9ral<br \/>\n<\/strong><\/span><\/p>\n<ul>\n<li><a href=\"mailto:Damien.VEYRET@ec.europa.eu\">Damien VEYRET &#8211; 0032 29 81739<\/a><\/li>\n<\/ul>\n<p><strong>Responsable du Secr\u00e9tariat Administratif et Politique \/ Permanence syndicale<\/strong><\/p>\n<ul>\n<li><a href=\"dhikra.chaouch@ec.europa.eu\">Dhikra CHAOUCH &#8211; 0032 29 94728<\/a><\/li>\n<\/ul>\n<p><strong>Charg\u00e9 de la validation des transactions financi\u00e8res<\/strong><\/p>\n<ul>\n<li>Domenico ROSATI<\/li>\n<\/ul>\n<p><strong>Secr\u00e9tariat administratif:<\/strong><\/p>\n<p><span style=\"text-decoration: underline;\"><strong>Membres<\/strong><\/span><\/p>\n<ul>\n<li><a href=\"mailto:Cristiano.Sebastiani@ec.europa.eu\">Cristiano SEBASTIANI<\/a><\/li>\n<li><a href=\"mailto:Damien.VEYRET@ec.europa.eu\">Damien VEYRET<\/a><\/li>\n<li><a href=\"mailto:Franco.Ferrazzoli@ec.europa.eu\">Franco FERRAZZOLI<\/a><\/li>\n<li><a href=\"mailto:Anastassios.Anagnostu@ec.europa.eu\">Anastassios ANAGNOSTU<\/a><\/li>\n<li><a href=\"mailto:Michael.DOCHERTY@ec.europa.eu\">Michael DOCHERTY<\/a><\/li>\n<li><a href=\"mailto:Maria.GLOWACZ-DE-CHEVILLY@ec.europa.eu\">Maria GLOWACZ-DE CHEVILLY<\/a><\/li>\n<li><a href=\"mailto:Marco.PINO@ec.europa.eu\">Marco PINO<\/a><\/li>\n<li><a href=\"mailto:Dhikra.CHAOUCH@ec.europa.eu\">Dhikra CHAOUCH<\/a><\/li>\n<li><a href=\"mailto:Antonio.Lacerda@ec.europa.eu\">Antonio LACERDA DE QUEIROZ<\/a><\/li>\n<li><a href=\"mailto:Katarzyna.HOREMANS@ec.europa.eu\">Katarzyna HOREMANS<\/a><\/li>\n<li><a href=\"mailto:giuseppeadurno@hotmail.com\">Giuseppe ADURNO<\/a><\/li>\n<li><a href=\"mailto:Blandine.PELLISTRANDI@ec.europa.eu\">Blandine PELLISTRANDI<\/a><\/li>\n<li><a href=\"mailto:Domenico.Rosati@ec.europa.eu\">Domenico ROSATI<\/a><\/li>\n<li><a href=\"mailto:Hippocrate.Vounakis@ec.europa.eu\">Hippocrate VOUNAKIS<\/a><\/li>\n<li><a href=\"mailto:michal.spiechowicz@gmail.com\">Michal SPIECHOWICZ<\/a><\/li>\n<li><a href=\"mailto:Eleni.MARKOU@ec.europa.eu\">Eleni MARKOU<\/a><\/li>\n<\/ul>\n<h2>Adresse: Renouveau &amp; D\u00e9mocratie:<\/h2>\n<div>\n<address>Rue Joseph II 70<\/address>\n<\/div>\n<address>1000 Bruxelles\u00a0<\/address>\n<address>Belgique<\/address>\n<p><a href=\"https:\/\/www.google.fr\/maps\/place\/Rue+Joseph+II+70,+1000+Bruxelles,+B%C3%A9lgica\/@50.8454317,4.372396,17z\/data=!3m1!4b1!4m5!3m4!1s0x47c3c49da4bab2ef:0xddb961c515f5a621!8m2!3d50.8454317!4d4.3745847\" target=\"_blank\" rel=\"noopener\"><img loading=\"lazy\" decoding=\"async\" class=\"aligncenter size-medium wp-image-15983\" title=\"Rue Joseph II 70 1000 Bruxelles Belgique\" src=\"\/wp-content\/uploads\/2010\/01\/rd-adresse-300x250.jpg\" alt=\"\" width=\"300\" height=\"250\" srcset=\"https:\/\/renouveau-democratie.eu\/wp-content\/uploads\/2010\/01\/rd-adresse-300x250.jpg 300w, https:\/\/renouveau-democratie.eu\/wp-content\/uploads\/2010\/01\/rd-adresse-150x125.jpg 150w, https:\/\/renouveau-democratie.eu\/wp-content\/uploads\/2010\/01\/rd-adresse-400x334.jpg 400w, https:\/\/renouveau-democratie.eu\/wp-content\/uploads\/2010\/01\/rd-adresse.jpg 925w\" sizes=\"(max-width: 300px) 100vw, 300px\" \/><\/a><\/p>\n<div><\/div>\n","protected":false},"excerpt":{"rendered":"<p>N&rsquo;h\u00e9sitez pas \u00e0 nous contacter pour toutes questions en envoyant un email \u00e0 : OSP-RD@ec.europa.eu ou t\u00e9l\u00e9phoner au 02\/295.56.76 Renouveau &amp; D\u00e9mocratie est un syndicat dont l&rsquo;action se fonde sur trois concepts: renouveau ouverture transparence Cr\u00e9\u00e9 en novembre 1992, lors des \u00e9lections du Comit\u00e9 Local du Personnel,\u00a0R&amp;D\u00a0affiche d&#8217;embl\u00e9e son ambition : le renouvellement de l&rsquo;action [&hellip;]<\/p>\n","protected":false},"author":3,"featured_media":0,"parent":0,"menu_order":99,"comment_status":"closed","ping_status":"closed","template":"","meta":{"footnotes":""},"_links":{"self":[{"href":"https:\/\/renouveau-democratie.eu\/fr\/wp-json\/wp\/v2\/pages\/1257"}],"collection":[{"href":"https:\/\/renouveau-democratie.eu\/fr\/wp-json\/wp\/v2\/pages"}],"about":[{"href":"https:\/\/renouveau-democratie.eu\/fr\/wp-json\/wp\/v2\/types\/page"}],"author":[{"embeddable":true,"href":"https:\/\/renouveau-democratie.eu\/fr\/wp-json\/wp\/v2\/users\/3"}],"replies":[{"embeddable":true,"href":"https:\/\/renouveau-democratie.eu\/fr\/wp-json\/wp\/v2\/comments?post=1257"}],"version-history":[{"count":43,"href":"https:\/\/renouveau-democratie.eu\/fr\/wp-json\/wp\/v2\/pages\/1257\/revisions"}],"predecessor-version":[{"id":30446,"href":"https:\/\/renouveau-democratie.eu\/fr\/wp-json\/wp\/v2\/pages\/1257\/revisions\/30446"}],"wp:attachment":[{"href":"https:\/\/renouveau-democratie.eu\/fr\/wp-json\/wp\/v2\/media?parent=1257"}],"curies":[{"name":"wp","href":"https:\/\/api.w.org\/{rel}","templated":true}]}}