{"id":1236,"date":"2010-01-21T17:45:59","date_gmt":"2010-01-21T15:45:59","guid":{"rendered":"\/?page_id=1236"},"modified":"2010-06-24T11:46:55","modified_gmt":"2010-06-24T09:46:55","slug":"concours-internes","status":"publish","type":"page","link":"https:\/\/renouveau-democratie.eu\/fr\/concours-internes\/","title":{"rendered":"Concours Internes &#8211; Avis de Vacances"},"content":{"rendered":"<p>Apr\u00e8s 5 ann\u00e9es de travail intense et un engagement \u00e9lectoral datant de 2006, R&amp;D a finalement r\u00e9ussi \u00e0 faire passer l\u2019id\u00e9e des concours internes. En d\u00e9pit de l\u2019opposition de l\u2019ensemble des directeurs g\u00e9n\u00e9raux, le Comit\u00e9 Central du Personnel a fait passer \u00e0 l\u2019unanimit\u00e9 &#8211; avec l&rsquo;accord de tous les syndicats &#8211; le concept de concours interne.<\/p>\n<p>La DG ADMIN a lanc\u00e9 deux concours internes Chefs d\u2019unit\u00e9 de niveau AD9 et AD12 en 2009 (voir IA 28\/2008 et 29\/2009) et pr\u00e9sentera des concours internes pour la cat\u00e9gorie AST en plus des proc\u00e9dures d\u2019attestation et de certification.<\/p>\n<h3>Un vrai progr\u00e8s pour faciliter l\u2019acc\u00e8s au middle management.<\/h3>\n<p>Depuis toujours, on devient Chef d\u2019unit\u00e9 uniquement si on se trouve dans les bonnes gr\u00e2ces du Directeur g\u00e9n\u00e9ral ou si on a fait un passage dans un Cabinet. De v\u00e9ritables fili\u00e8res se sont cr\u00e9\u00e9es autour de ces deux p\u00f4les mais le d\u00e9nominateur commun est le copinage.\u00a0 La progression ult\u00e9rieure du chef d\u2019unit\u00e9 se fait ensuite soit par promotion soit par nomination promotion (la 2\u00e8me fili\u00e8re) qui permet d\u2019asseoir encore un peu plus l\u2019autorit\u00e9 du Directeur<br \/>\ng\u00e9n\u00e9ral sur ce qu\u2019il consid\u00e8re ses chefs d\u2019unit\u00e9.\u00a0 Force est de constater que l\u2019ind\u00e9pendance des chefs d\u2019unit\u00e9 notamment dans certains domaines \u2013 ressources humaines, budget, audit etc &#8211; est mise \u00e0 mal mais aussi et surtout que le syst\u00e8me actuel n\u2019a pas permis d&rsquo;\u00e9viter de nombreuses erreurs.<\/p>\n<h3>Une mesure structurelle.<\/h3>\n<p>Avec l\u2019organisation de ce concours et la pr\u00e9paration des \u00e9preuves, l\u2019institution va se poser la<\/p>\n<p>question des comp\u00e9tences, du r\u00f4le et de la mission du chef d\u2019unit\u00e9 et du niveau de l&rsquo;unit\u00e9 (AD9\/AD10, AD11\/AD12 ou AD13\/AD14). Il s\u2019agit d\u2019une avanc\u00e9e importante car, pour la premi\u00e8re fois, les comp\u00e9tences deviendront plus importantes que la b\u00e9n\u00e9diction du directeur g\u00e9n\u00e9ral. Il va sans dire que la proposition de R&amp;D a rencontr\u00e9 l\u2019opposition des directeurs g\u00e9n\u00e9raux qui consid\u00e8rent cette initiative comme une remise en cause de leur pouvoir discr\u00e9tionnaire. R&amp;D a d\u00fb \u00ab\u00a0convaincre\u00a0\u00bb, d&rsquo;abord, les autres syndicats et ensuite la DG ADMIN. L\u2019autre point positif concerne la fr\u00e9quence annuelle de ces concours qui permettra de remettre en place un v\u00e9ritable ascenseur social.<\/p>\n<h3>La fin des parachutages ?<\/h3>\n<p>Le concours interne est une mesure pr\u00e9vue dans le statut (n\u00e9goci\u00e9, rappelons-le, par ceux qui crient aux loups aujourd\u2019hui contre le danger d&rsquo;une \u00e9ventuelle titularisation des AT cabinets).<br \/>\nCette mesure permet de concr\u00e9tiser la promesse de cette Commission de mettre fin aux parachutages. Il ne s\u2019agit pas d\u2019un exercice cach\u00e9 de titularisation sauvage et massive des agents temporaires des cabinets commes les pro-r\u00e9formes aimaient les organiser sous le \u00ab\u00a0royaume Kinnock\u00a0\u00bb. Il est \u00e9vident qu\u2019il serait ill\u00e9gal d\u2019interdire aux agents temporaires des cabinets \u2013 qui sont des coll\u00e8gues comp\u00e9tents et appr\u00e9ci\u00e9s de tous &#8211; de participer \u00e0 cette proc\u00e9dure.<\/p>\n<p>1. Le Statut le pr\u00e9voit.<\/p>\n<p>2. Le concours sera organis\u00e9 apr\u00e8s le mandat de cette<br \/>\nCommission et<\/p>\n<p>3. il s\u2019agit d\u2019une mesure structurelle qui sera organis\u00e9e chaque ann\u00e9e et qui<br \/>\ndonnera \u00e0 toutes celles et tous ceux qui le souhaitent d\u2019acqu\u00e9rir les comp\u00e9tences n\u00e9cessaires et de pr\u00e9parer le concours dans les meilleures conditions.<\/p>\n<p>De plus, la repr\u00e9sentation du personnel pourra veiller directement sur ces concours tant dans la phase de programmation via ses membres de la COPAR que lors du concours \u00e0 l&rsquo;aide de repr\u00e9sentants du personnel dans les jurys.<\/p>\n<h3>Une opportunit\u00e9 pour tous \u2013 AD et AST.<\/h3>\n<p>Avec une soixantaine de postes disponibles pour les chefs d\u2019unit\u00e9 pour la seule ann\u00e9e 2009, il est \u00e9vident que la mesure ne permet pas de pallier tous les d\u00e9g\u00e2ts de la r\u00e9forme de 2004,<br \/>\nnotamment en ce qui concerne les milliers de naufrag\u00e9s de la r\u00e9forme. Pour ce premier<br \/>\nexercice, l\u2019acc\u00e8s est r\u00e9serv\u00e9 aux AD8 pour le concours AD9 et minimum AD11 pour le concours AD12. D\u2019autres concours internes seront organis\u00e9s pour les AST en plus de la certification et de l\u2019attestation. Le nombre de nominations permettra de lib\u00e9rer autant de possibilit\u00e9s de promotions suppl\u00e9mentaires pour les naufrag\u00e9s. L\u2019organisation r\u00e9guli\u00e8re de ces concours permettra par ailleurs de faciliter la progression de carri\u00e8re (saut d\u2019un grade au minimum + \u00e9chelon suppl\u00e9mentaire pour les chefs d\u2019unit\u00e9). Surtout l\u2019acc\u00e8s au middle management &#8211; rendu tout \u00e0 fait impossible avec la baisse du niveau de recrutement, l\u2019introduction des grades vides et l\u2019allongement de la carri\u00e8re &#8211; sera facilit\u00e9. Enfin, il est \u00e9vident que les conditions d\u2019acc\u00e8s \u00e0 ces concours internes pourront \u00eatre red\u00e9finies \u00e0 la lumi\u00e8re de l\u2019exp\u00e9rience et des besoins de l\u2019institution.<br \/>\nExploitation des listes de laur\u00e9ats.<br \/>\nSi le principe du concours interne semble aujourd\u2019hui acquis, il reste la question tr\u00e8s sensible de l\u2019exploitation des listes. En effet, ce que les directeurs g\u00e9n\u00e9raux n\u2019ont pas pu emp\u00eacher \u00e0 ce stade risque de devenir un frein au recrutement de candidats comp\u00e9tents et disposant de toutes les comp\u00e9tences. R&amp;D et l\u2019Alliance ont demand\u00e9 des garanties et travailleront pour v\u00e9rifier et analyser l\u2019exploitation des listes et r\u00e9server un nombre de postes suffisant pour permettre aux coll\u00e8gues de faire valoir leurs comp\u00e9tences sans avoir \u00e0 devenir l\u2019ami du DG.<\/p>\n<h3>Pr\u00e9paration aux concours.<\/h3>\n<p>Enfin et comme toujours, R&amp;D proposera gratuitement des <a href=\"\/?page_id=46\">cours de formation<\/a> pour aider les coll\u00e8gues \u00e0 se pr\u00e9parer \u00e0 ces nouveaux concours.<\/p>\n<h3>O\u00f9 puis-je trouver les avis de vacances internes?<\/h3>\n<p><a href=\"http:\/\/myintracomm.ec.europa.eu\/hr_admin\/fr\/vacancies\/Pages\/index.aspx\">http:\/\/myintracomm.ec.europa.eu\/hr_admin\/fr\/vacancies\/Pages\/index.aspx<\/a><a href=\"http:\/\/myintracomm.ec.europa.eu\/hr_admin\/en\/vacancies\/Pages\/index.aspx\"><\/a><\/p>\n<h3>O\u00f9 puis-je trouver les avis de vacances publi\u00e9s par les Organisations autres que la Commission Europ\u00e9enne?<\/h3>\n<p><a href=\"http:\/\/myintracomm.ec.europa.eu\/hr_admin\/en\/vacancies\/Pages\/other.aspx\">http:\/\/myintracomm.ec.europa.eu\/hr_admin\/en\/vacancies\/Pages\/other.aspx<\/a><\/p>\n<h3>Pour les questions relatives au recrutement dans une Institution de l&rsquo;UE, veuillez consulter l&rsquo;Office Europ\u00e9en de S\u00e9lection du Personnel (EPSO).<\/h3>\n<p><a href=\"http:\/\/europa.eu\/epso\/index_en.htm\">http:\/\/europa.eu\/epso\/index_fr.htm<\/a><\/p>\n","protected":false},"excerpt":{"rendered":"<p>Apr\u00e8s 5 ann\u00e9es de travail intense et un engagement \u00e9lectoral datant de 2006, R&amp;D a finalement r\u00e9ussi \u00e0 faire passer l\u2019id\u00e9e des concours internes. En d\u00e9pit de l\u2019opposition de l\u2019ensemble des directeurs g\u00e9n\u00e9raux, le Comit\u00e9 Central du Personnel a fait passer \u00e0 l\u2019unanimit\u00e9 &#8211; avec l&rsquo;accord de tous les syndicats &#8211; le concept de concours [&hellip;]<\/p>\n","protected":false},"author":3,"featured_media":0,"parent":0,"menu_order":0,"comment_status":"closed","ping_status":"closed","template":"","meta":{"footnotes":""},"_links":{"self":[{"href":"https:\/\/renouveau-democratie.eu\/fr\/wp-json\/wp\/v2\/pages\/1236"}],"collection":[{"href":"https:\/\/renouveau-democratie.eu\/fr\/wp-json\/wp\/v2\/pages"}],"about":[{"href":"https:\/\/renouveau-democratie.eu\/fr\/wp-json\/wp\/v2\/types\/page"}],"author":[{"embeddable":true,"href":"https:\/\/renouveau-democratie.eu\/fr\/wp-json\/wp\/v2\/users\/3"}],"replies":[{"embeddable":true,"href":"https:\/\/renouveau-democratie.eu\/fr\/wp-json\/wp\/v2\/comments?post=1236"}],"version-history":[{"count":0,"href":"https:\/\/renouveau-democratie.eu\/fr\/wp-json\/wp\/v2\/pages\/1236\/revisions"}],"wp:attachment":[{"href":"https:\/\/renouveau-democratie.eu\/fr\/wp-json\/wp\/v2\/media?parent=1236"}],"curies":[{"name":"wp","href":"https:\/\/api.w.org\/{rel}","templated":true}]}}