{"id":12329,"date":"2015-03-13T00:07:30","date_gmt":"2015-03-12T23:07:30","guid":{"rendered":"\/?page_id=12329"},"modified":"2015-03-13T00:07:30","modified_gmt":"2015-03-12T23:07:30","slug":"2013-10-02-le-renard-dechaine-ami-pour-les-ac-parachutages-concours-internes","status":"publish","type":"page","link":"https:\/\/renouveau-democratie.eu\/fr\/14894-2\/concours-internes-2013\/nos-tracts\/2013-10-02-le-renard-dechaine-ami-pour-les-ac-parachutages-concours-internes\/","title":{"rendered":"2013.10.02 &#8211; Le Renard D\u00e9cha\u00een\u00e9 &#8211; AMI pour les AC, parachutages, concours internes"},"content":{"rendered":"<h3>Vous avez \u00e9t\u00e9 tr\u00e8s nombreux \u00e0 soutenir nos actions critiques envers les <a href=\"\/wp-content\/uploads\/2013\/07\/Rd-Concours-internes-FR.pdf\">concours internes<\/a> et les <a href=\"\/?page_id=10263\">nominations-parachutages<\/a> qui s&rsquo;annoncent. <a href=\"\/wp-content\/uploads\/2013\/10\/RD-AMI-pour-les-AC-FR-3.pdf\">En savoir plus&#8230;<\/a><\/h3>\n","protected":false},"excerpt":{"rendered":"<p>Vous avez \u00e9t\u00e9 tr\u00e8s nombreux \u00e0 soutenir nos actions critiques envers les concours internes et les nominations-parachutages qui s&rsquo;annoncent. En savoir plus&#8230;<\/p>\n","protected":false},"author":19,"featured_media":0,"parent":12295,"menu_order":0,"comment_status":"closed","ping_status":"closed","template":"","meta":{"footnotes":""},"_links":{"self":[{"href":"https:\/\/renouveau-democratie.eu\/fr\/wp-json\/wp\/v2\/pages\/12329"}],"collection":[{"href":"https:\/\/renouveau-democratie.eu\/fr\/wp-json\/wp\/v2\/pages"}],"about":[{"href":"https:\/\/renouveau-democratie.eu\/fr\/wp-json\/wp\/v2\/types\/page"}],"author":[{"embeddable":true,"href":"https:\/\/renouveau-democratie.eu\/fr\/wp-json\/wp\/v2\/users\/19"}],"replies":[{"embeddable":true,"href":"https:\/\/renouveau-democratie.eu\/fr\/wp-json\/wp\/v2\/comments?post=12329"}],"version-history":[{"count":1,"href":"https:\/\/renouveau-democratie.eu\/fr\/wp-json\/wp\/v2\/pages\/12329\/revisions"}],"predecessor-version":[{"id":12330,"href":"https:\/\/renouveau-democratie.eu\/fr\/wp-json\/wp\/v2\/pages\/12329\/revisions\/12330"}],"up":[{"embeddable":true,"href":"https:\/\/renouveau-democratie.eu\/fr\/wp-json\/wp\/v2\/pages\/12295"}],"wp:attachment":[{"href":"https:\/\/renouveau-democratie.eu\/fr\/wp-json\/wp\/v2\/media?parent=12329"}],"curies":[{"name":"wp","href":"https:\/\/api.w.org\/{rel}","templated":true}]}}