{"id":12295,"date":"2015-03-12T23:36:36","date_gmt":"2015-03-12T22:36:36","guid":{"rendered":"\/?page_id=12295"},"modified":"2015-03-16T11:48:23","modified_gmt":"2015-03-16T10:48:23","slug":"nos-tracts","status":"publish","type":"page","link":"https:\/\/renouveau-democratie.eu\/fr\/14894-2\/concours-internes-2013\/nos-tracts\/","title":{"rendered":"Nos analyses"},"content":{"rendered":"<p>Depuis la publication des avis des concours et \u00e0 la lecture des modalit\u00e9s envisag\u00e9es, vous avez \u00e9t\u00e9 tr\u00e8s nombreuses et nombreux \u00e0 nous faire part de votre d\u00e9ception et indignation en nous appelant \u00e0 rendre publiques et visibles les analyses critiques que nous avons d\u00e9velopp\u00e9es dans le cadre des r\u00e9unions que <strong><span style=\"color: #339966;\">R<span style=\"color: #ff0000;\">&amp;<\/span>D<\/span><\/strong> a organis\u00e9es avec ses adh\u00e9rents&#8230; Vous les retrouverez\u00a0\u00e0 travers toutes nos informations envoy\u00e9es aux coll\u00e8gues et r\u00e9pertori\u00e9es ci-dessous\u00a0:<\/p>\n<ul>\n<li><a href=\"\/?page_id=12298\">2014.08.25 &#8211; CONCOURS INTERNES &#8211; R&amp;D aux c\u00f4t\u00e9s de nos coll\u00e8gues dans la&#8230;<\/a><\/li>\n<li><a href=\"\/?page_id=12316\">2014.07.11 &#8211; Concours internes: enfin la v\u00e9rit\u00e9 !<\/a><\/li>\n<li><a href=\"\/?page_id=12341\">2014.02.03 &#8211; Concours internes &#8211; R&amp;D toujours \u00e0 vos c\u00f4t\u00e9s !<\/a><\/li>\n<li><a href=\"\/?page_id=12325\">2013.10.18 &#8211; ARRET GLANTENAY: le TFP confirme la position de R&amp;D au sujet &#8230;<\/a><\/li>\n<li><a href=\"\/?page_id=12329\">2013.10.02 &#8211; Le Renard D\u00e9cha\u00een\u00e9 &#8211; AMI pour les AC, parachutages<\/a><\/li>\n<li><a href=\"\/?page_id=12337\">2013.09.19 &#8211; Concours Internes &#8211; Le Renard D\u00e9cha\u00een\u00e9 vous dit &#8230; <\/a><\/li>\n<li><a href=\"\/?page_id=12333\">2013.07.19 &#8211; Le Renard D\u00e9cha\u00een\u00e9 &#8211; Concours internes<\/a><\/li>\n<\/ul>\n<p>&nbsp;<\/p>\n","protected":false},"excerpt":{"rendered":"<p>Depuis la publication des avis des concours et \u00e0 la lecture des modalit\u00e9s envisag\u00e9es, vous avez \u00e9t\u00e9 tr\u00e8s nombreuses et nombreux \u00e0 nous faire part de votre d\u00e9ception et indignation en nous appelant \u00e0 rendre publiques et visibles les analyses critiques que nous avons d\u00e9velopp\u00e9es dans le cadre des r\u00e9unions que R&amp;D a organis\u00e9es avec [&hellip;]<\/p>\n","protected":false},"author":19,"featured_media":0,"parent":9487,"menu_order":0,"comment_status":"closed","ping_status":"closed","template":"","meta":{"footnotes":""},"_links":{"self":[{"href":"https:\/\/renouveau-democratie.eu\/fr\/wp-json\/wp\/v2\/pages\/12295"}],"collection":[{"href":"https:\/\/renouveau-democratie.eu\/fr\/wp-json\/wp\/v2\/pages"}],"about":[{"href":"https:\/\/renouveau-democratie.eu\/fr\/wp-json\/wp\/v2\/types\/page"}],"author":[{"embeddable":true,"href":"https:\/\/renouveau-democratie.eu\/fr\/wp-json\/wp\/v2\/users\/19"}],"replies":[{"embeddable":true,"href":"https:\/\/renouveau-democratie.eu\/fr\/wp-json\/wp\/v2\/comments?post=12295"}],"version-history":[{"count":7,"href":"https:\/\/renouveau-democratie.eu\/fr\/wp-json\/wp\/v2\/pages\/12295\/revisions"}],"predecessor-version":[{"id":12349,"href":"https:\/\/renouveau-democratie.eu\/fr\/wp-json\/wp\/v2\/pages\/12295\/revisions\/12349"}],"up":[{"embeddable":true,"href":"https:\/\/renouveau-democratie.eu\/fr\/wp-json\/wp\/v2\/pages\/9487"}],"wp:attachment":[{"href":"https:\/\/renouveau-democratie.eu\/fr\/wp-json\/wp\/v2\/media?parent=12295"}],"curies":[{"name":"wp","href":"https:\/\/api.w.org\/{rel}","templated":true}]}}