{"id":11738,"date":"2014-09-25T21:31:44","date_gmt":"2014-09-25T20:31:44","guid":{"rendered":"\/?page_id=11738"},"modified":"2014-09-26T11:12:29","modified_gmt":"2014-09-26T10:12:29","slug":"2013-09-19-concours-internes-le-renard-dechaine-vous-dit-tout","status":"publish","type":"page","link":"https:\/\/renouveau-democratie.eu\/fr\/14894-2\/2013-09-19-concours-internes-le-renard-dechaine-vous-dit-tout\/","title":{"rendered":"2013.09.19 &#8211; Concours Internes &#8211; Le Renard D\u00e9cha\u00een\u00e9 vous dit tout&#8230;"},"content":{"rendered":"<h3 style=\"text-align: justify;\">Vos nombreuses r\u00e9actions \u00e0 la suite du lancement des concours internes t\u00e9moignent de votre inqui\u00e9tude quant \u00e0 la r\u00e9elle \u00e9galit\u00e9 des chances entre candidats, notamment dans la prise en compte de l&rsquo;exp\u00e9rience professionnelle et le caract\u00e8re plus que discriminatoire des questions \u00e0 la base du talent screener pour les concours ADs.<\/h3>\n<h3 style=\"text-align: justify;\">Nous partageons tout \u00e0 fait vos r\u00e9actions qui confirment l&rsquo;analyse critique de ces proc\u00e9dures que vous trouverez \u00e0 nouveau <a href=\"\/wp-content\/uploads\/2013\/07\/Rd-Concours-internes-FR.pdf\"><strong>en annexe .<\/strong><\/a><strong> <\/strong><\/h3>\n<h3 style=\"text-align: justify;\">Sachez que <span style=\"color: #008000;\"><strong>R<\/strong><span style=\"color: #ff0000;\"><strong>&amp;<\/strong><\/span><strong>D<\/strong><\/span> ne va pas en rester l\u00e0. Nous restons tr\u00e8s vigilants sur l&rsquo;\u00e9volution de ce dossier simplement scandaleux et nous nous r\u00e9servons la possibilit\u00e9 de recours en justice et nous apporterons tout l&rsquo;appui n\u00e9cessaire pour les coll\u00e8gues qui voudront d\u00e9poser des recours individuels.<\/h3>\n<h3 style=\"text-align: justify;\">Nous sommes d\u00e9j\u00e0 en train d&rsquo;examiner cette voie avec notre conseil juridique. A ce sujet le Tribunal de la Fonction Publique vient de condamner la Commission pour ill\u00e9galit\u00e9 de la proc\u00e9dure de s\u00e9lection automatique \u00ab\u00a0talent screener\u00a0\u00bb, confirmant ainsi la position de <span style=\"color: #008000;\"><strong>R<\/strong><span style=\"color: #ff0000;\"><strong>&amp;<\/strong><\/span><strong>D<\/strong><\/span>.<\/h3>\n","protected":false},"excerpt":{"rendered":"<p>Vos nombreuses r\u00e9actions \u00e0 la suite du lancement des concours internes t\u00e9moignent de votre inqui\u00e9tude quant \u00e0 la r\u00e9elle \u00e9galit\u00e9 des chances entre candidats, notamment dans la prise en compte de l&rsquo;exp\u00e9rience professionnelle et le caract\u00e8re plus que discriminatoire des questions \u00e0 la base du talent screener pour les concours ADs. Nous partageons tout \u00e0 [&hellip;]<\/p>\n","protected":false},"author":19,"featured_media":0,"parent":14897,"menu_order":0,"comment_status":"closed","ping_status":"closed","template":"","meta":{"footnotes":""},"_links":{"self":[{"href":"https:\/\/renouveau-democratie.eu\/fr\/wp-json\/wp\/v2\/pages\/11738"}],"collection":[{"href":"https:\/\/renouveau-democratie.eu\/fr\/wp-json\/wp\/v2\/pages"}],"about":[{"href":"https:\/\/renouveau-democratie.eu\/fr\/wp-json\/wp\/v2\/types\/page"}],"author":[{"embeddable":true,"href":"https:\/\/renouveau-democratie.eu\/fr\/wp-json\/wp\/v2\/users\/19"}],"replies":[{"embeddable":true,"href":"https:\/\/renouveau-democratie.eu\/fr\/wp-json\/wp\/v2\/comments?post=11738"}],"version-history":[{"count":4,"href":"https:\/\/renouveau-democratie.eu\/fr\/wp-json\/wp\/v2\/pages\/11738\/revisions"}],"predecessor-version":[{"id":11823,"href":"https:\/\/renouveau-democratie.eu\/fr\/wp-json\/wp\/v2\/pages\/11738\/revisions\/11823"}],"up":[{"embeddable":true,"href":"https:\/\/renouveau-democratie.eu\/fr\/wp-json\/wp\/v2\/pages\/14897"}],"wp:attachment":[{"href":"https:\/\/renouveau-democratie.eu\/fr\/wp-json\/wp\/v2\/media?parent=11738"}],"curies":[{"name":"wp","href":"https:\/\/api.w.org\/{rel}","templated":true}]}}