{"id":1151,"date":"2010-01-19T17:43:33","date_gmt":"2010-01-19T15:43:33","guid":{"rendered":"\/?page_id=1151"},"modified":"2021-01-04T15:16:41","modified_gmt":"2021-01-04T13:16:41","slug":"help-desk-rec","status":"publish","type":"page","link":"https:\/\/renouveau-democratie.eu\/fr\/promotion-reclassement\/promotions\/help-desk-rec\/","title":{"rendered":"Help Desk Evaluation &#038; Promotion 2020"},"content":{"rendered":"<p>Vous trouverez dans les pages suivantes toutes les informations pratiques qui pourront vous guider dans les diff\u00e9rentes \u00e9tapes des exercices d&rsquo;\u00e9valuation et de promotion:<\/p>\n<ul>\n<li><a href=\"\/?page_id=1165\">Auto \u00e9valuation\u00a0 <\/a><\/li>\n<li><a href=\"\/?page_id=8470\">Dialogue<\/a><\/li>\n<li><a href=\"\/wp-content\/uploads\/2020\/06\/2020_RD_appeals_template_F_FR.doc\">Appel et r\u00e9clamation Art.90<\/a><\/li>\n<li><a title=\"timing\" href=\"\/?page_id=8800\">Calendrier de l&rsquo;exercice\u00a0 <\/a><\/li>\n<li><a title=\"Average promotion speed\" href=\"\/?page_id=8805\">Permanences moyennes dans les grades<\/a><\/li>\n<\/ul>\n<p><strong><span style=\"color: #008000;\">R<span style=\"color: #ff0000;\">&amp;<\/span>D<\/span> Helpdesk<\/strong>\u00a0est l\u00e0 pour\u00a0vous conseiller\u00a0lors de toutes les \u00e9tapes des exercices d&rsquo;\u00e9valuation et de promotion. Notre aide est gratuite et disponible, \u00e0 la fois pour les membres de <strong><span style=\"color: #008000;\">R<span style=\"color: #ff0000;\">&amp;<\/span>D<\/span><\/strong>\u00a0et\u00a0non-membres.<\/p>\n<p><strong>En Juin, <\/strong>vous aurez acc\u00e8s dans Sysper \u00e0 la liste des propositions pour promotion faites dans votre DG. Vous aurez alors la possibilit\u00e9 de faire un appel contre votre <strong>non-promotion<\/strong>.<\/p>\n<p>N\u2019h\u00e9sitez pas \u00e0 contacter nos sp\u00e9cialistes de\u00a0<strong><span style=\"color: #008000;\">R<span style=\"color: #ff0000;\">&amp;<\/span>D<\/span> <\/strong>\u00a0en charge de votre appel dans votre cat\u00e9gorie (AST-SC\/AST \/ AD), et ainsi attirer leur attention\u00a0sur votre appel. Ceci est tr\u00e8s utile, et effectivement nous aidera \u00e0 mieux d\u00e9fendre votre cas.<\/p>\n<p>SEBASTIANI Cristiano &#8211; 02 29 65797 (weekend \u00e9galement)<\/p>\n<p>PELLISTRANDI Blandine &#8211; 02 29 77742<\/p>\n<p>CHAOUCH Dhikra &#8211; 02 29 94728<\/p>\n<p>GLOWACZ-de CHEVILLY Maria &#8211; 02 29 90607<\/p>\n<p>MARKOU Eleni &#8211; 02 29 88120<\/p>\n<p>AQUILINO Claudio &#8211; 02 29 67462<\/p>\n<div><\/div>\n<div><\/div>\n<div><span style=\"color: #008000;\"><strong>R<span style=\"color: #ff0000;\">&amp;<\/span>D<\/strong><\/span> a \u00e9galement mis en place un <strong>Help Desk<\/strong>\u00a0 &#8211;\u00a0 e-mail: REP PERS OSP R&amp;D<\/div>\n<div><\/div>\n<div><\/div>\n","protected":false},"excerpt":{"rendered":"<p>Vous trouverez dans les pages suivantes toutes les informations pratiques qui pourront vous guider dans les diff\u00e9rentes \u00e9tapes des exercices d&rsquo;\u00e9valuation et de promotion: Auto \u00e9valuation\u00a0 Dialogue Appel et r\u00e9clamation Art.90 Calendrier de l&rsquo;exercice\u00a0 Permanences moyennes dans les grades R&amp;D Helpdesk\u00a0est l\u00e0 pour\u00a0vous conseiller\u00a0lors de toutes les \u00e9tapes des exercices d&rsquo;\u00e9valuation et de promotion. Notre [&hellip;]<\/p>\n","protected":false},"author":3,"featured_media":0,"parent":19182,"menu_order":1,"comment_status":"closed","ping_status":"closed","template":"","meta":{"footnotes":""},"_links":{"self":[{"href":"https:\/\/renouveau-democratie.eu\/fr\/wp-json\/wp\/v2\/pages\/1151"}],"collection":[{"href":"https:\/\/renouveau-democratie.eu\/fr\/wp-json\/wp\/v2\/pages"}],"about":[{"href":"https:\/\/renouveau-democratie.eu\/fr\/wp-json\/wp\/v2\/types\/page"}],"author":[{"embeddable":true,"href":"https:\/\/renouveau-democratie.eu\/fr\/wp-json\/wp\/v2\/users\/3"}],"replies":[{"embeddable":true,"href":"https:\/\/renouveau-democratie.eu\/fr\/wp-json\/wp\/v2\/comments?post=1151"}],"version-history":[{"count":47,"href":"https:\/\/renouveau-democratie.eu\/fr\/wp-json\/wp\/v2\/pages\/1151\/revisions"}],"predecessor-version":[{"id":19548,"href":"https:\/\/renouveau-democratie.eu\/fr\/wp-json\/wp\/v2\/pages\/1151\/revisions\/19548"}],"up":[{"embeddable":true,"href":"https:\/\/renouveau-democratie.eu\/fr\/wp-json\/wp\/v2\/pages\/19182"}],"wp:attachment":[{"href":"https:\/\/renouveau-democratie.eu\/fr\/wp-json\/wp\/v2\/media?parent=1151"}],"curies":[{"name":"wp","href":"https:\/\/api.w.org\/{rel}","templated":true}]}}