{"id":11047,"date":"2014-05-28T10:16:24","date_gmt":"2014-05-28T09:16:24","guid":{"rendered":"\/conferences\/health-and-wifi-200514\/"},"modified":"2014-06-04T16:13:41","modified_gmt":"2014-06-04T15:13:41","slug":"health-and-wifi-200514","status":"publish","type":"page","link":"https:\/\/renouveau-democratie.eu\/fr\/conferences\/health-and-wifi-200514\/","title":{"rendered":"WiFi et Sant\u00e9 20\/05\/14"},"content":{"rendered":"<h1 style=\"text-align: center;\"><span style=\"color: #ff0000;\"><strong><em>Les ondes wifi, un risque pour ma sant\u00e9?<\/em><\/strong><strong> <\/strong><\/span><\/h1>\n<h1 style=\"text-align: center;\"><\/h1>\n<address><span style=\"text-decoration: underline;\"><a href=\"\/wp-content\/uploads\/2014\/05\/conf\u00e9rence-wifi1.jpg\"><img loading=\"lazy\" decoding=\"async\" class=\"alignleft  wp-image-11040\" title=\"conf\u00e9rence wifi\" src=\"\/wp-content\/uploads\/2014\/05\/conf\u00e9rence-wifi1.jpg\" alt=\"\" width=\"111\" height=\"147\" \/><\/a><\/span><\/address>\n<address>\u00a0<\/address>\n<address><span style=\"text-decoration: underline;\">Wi-Fi:<\/span> Quelles sont les normes europ\u00e9ennes ou nationales?<\/address>\n<address>O\u00f9 en sont les recherches?<\/address>\n<address>Quelle est l&rsquo;exp\u00e9rience sur le terrain?<\/address>\n<address>Faut-il prendre des pr\u00e9cautions?<\/address>\n<address>Comment nous prot\u00e9ger?<\/address>\n<address>Avons nous des solutions?<\/address>\n<p style=\"text-align: justify;\">\n<p style=\"text-align: justify;\">Si vous vous \u00eates d\u00e9j\u00e0 pos\u00e9 l&rsquo;une de ces questions, et si vous cherchez des \u00e9l\u00e9ments de r\u00e9ponse, il n&rsquo;est jamais trop tard!<\/p>\n<p style=\"text-align: justify;\">\u00a0<strong><span style=\"color: #339966;\">R<\/span><span style=\"color: #ff0000;\">&amp;<\/span><span style=\"color: #339966;\">D<\/span><\/strong>, toujours soucieux de votre sant\u00e9 et de votre bien-\u00eatre a organis\u00e9 ne conf\u00e9rence sur la Sant\u00e9 et le WiFi. L&rsquo;orateur Ralph Baden, expert en biologie et travaillant au Minist\u00e8re de la sant\u00e9 du Luxembourg et appertenant au \u00ab\u00a0International Advisory Committee on Electromagnetic fields\u00a0\u00bb apporte des \u00e9l\u00e9ments de r\u00e9ponses pour construire un avenir plus sain, avec un regard des plus objectifs.<\/p>\n<p style=\"text-align: justify;\"><span style=\"color: #ff0000;\"><span style=\"color: #000000;\">Si vous l&rsquo;avez manqu\u00e9e, ou souhaitez la r\u00e9ecouter, <\/span><a href=\"\/wp-content\/uploads\/2014\/05\/PTSAL003.mp3\">merci de cliquer ici<\/a><\/span>.\u00a0Vous pouvez \u00e9galement \u00e9couter la\u00a0 <a href=\"\/wp-content\/uploads\/2014\/05\/PTSAL004.mp3\">S\u00e9ssion de Questions-R\u00e9ponses<\/a>\u00a0ou lire\u00a0<a href=\"\/wp-content\/uploads\/2014\/05\/brochure-wifi.pdf\">les documents distribu\u00e9s\u00a0<\/a> lors de la conf\u00e9rence.<\/p>\n<p style=\"text-align: justify;\">Les <span style=\"color: #339966;\"><a href=\"\/wp-content\/uploads\/2014\/06\/slide-WIFI-et-sant\u00e9.ppt\"><span style=\"color: #339966;\">SLIDES<\/span><\/a> <\/span>sont \u00e9galement disponibles.<\/p>\n<p style=\"text-align: justify;\">Si vous avez des commentaires ou id\u00e9es, n&rsquo;h\u00e9sitez pas \u00e0 nous contacter via e-mail. Cela nous permet de mettre en place un plan d&rsquo;action pour am\u00e9liorer notre espace de travail dans le futur.<\/p>\n<p style=\"text-align: center;\">\u00a0<a href=\"\/wp-content\/uploads\/2014\/05\/wifi-logo.jpg\"><img loading=\"lazy\" decoding=\"async\" class=\" wp-image-11042 aligncenter\" title=\"wifi-logo\" src=\"\/wp-content\/uploads\/2014\/05\/wifi-logo.jpg\" alt=\"Wifi \" width=\"241\" height=\"186\" srcset=\"https:\/\/renouveau-democratie.eu\/wp-content\/uploads\/2014\/05\/wifi-logo.jpg 337w, https:\/\/renouveau-democratie.eu\/wp-content\/uploads\/2014\/05\/wifi-logo-300x230.jpg 300w, https:\/\/renouveau-democratie.eu\/wp-content\/uploads\/2014\/05\/wifi-logo-150x115.jpg 150w\" sizes=\"(max-width: 241px) 100vw, 241px\" \/><\/a><\/p>\n<p style=\"text-align: center;\">\n","protected":false},"excerpt":{"rendered":"<p>Les ondes wifi, un risque pour ma sant\u00e9? \u00a0 Wi-Fi: Quelles sont les normes europ\u00e9ennes ou nationales? O\u00f9 en sont les recherches? Quelle est l&rsquo;exp\u00e9rience sur le terrain? Faut-il prendre des pr\u00e9cautions? Comment nous prot\u00e9ger? Avons nous des solutions? Si vous vous \u00eates d\u00e9j\u00e0 pos\u00e9 l&rsquo;une de ces questions, et si vous cherchez des \u00e9l\u00e9ments [&hellip;]<\/p>\n","protected":false},"author":19,"featured_media":0,"parent":10974,"menu_order":0,"comment_status":"closed","ping_status":"closed","template":"","meta":{"footnotes":""},"_links":{"self":[{"href":"https:\/\/renouveau-democratie.eu\/fr\/wp-json\/wp\/v2\/pages\/11047"}],"collection":[{"href":"https:\/\/renouveau-democratie.eu\/fr\/wp-json\/wp\/v2\/pages"}],"about":[{"href":"https:\/\/renouveau-democratie.eu\/fr\/wp-json\/wp\/v2\/types\/page"}],"author":[{"embeddable":true,"href":"https:\/\/renouveau-democratie.eu\/fr\/wp-json\/wp\/v2\/users\/19"}],"replies":[{"embeddable":true,"href":"https:\/\/renouveau-democratie.eu\/fr\/wp-json\/wp\/v2\/comments?post=11047"}],"version-history":[{"count":7,"href":"https:\/\/renouveau-democratie.eu\/fr\/wp-json\/wp\/v2\/pages\/11047\/revisions"}],"predecessor-version":[{"id":11048,"href":"https:\/\/renouveau-democratie.eu\/fr\/wp-json\/wp\/v2\/pages\/11047\/revisions\/11048"}],"up":[{"embeddable":true,"href":"https:\/\/renouveau-democratie.eu\/fr\/wp-json\/wp\/v2\/pages\/10974"}],"wp:attachment":[{"href":"https:\/\/renouveau-democratie.eu\/fr\/wp-json\/wp\/v2\/media?parent=11047"}],"curies":[{"name":"wp","href":"https:\/\/api.w.org\/{rel}","templated":true}]}}