{"id":10987,"date":"2014-05-26T10:32:58","date_gmt":"2014-05-26T09:32:58","guid":{"rendered":"\/?page_id=10987"},"modified":"2014-06-26T16:56:08","modified_gmt":"2014-06-26T15:56:08","slug":"14-mai-2014","status":"publish","type":"page","link":"https:\/\/renouveau-democratie.eu\/fr\/conferences\/burn-out\/14-mai-2014\/","title":{"rendered":"Aspect global et soci\u00e9tal 14\/05\/2104"},"content":{"rendered":"<h2><span style=\"color: #ff0000;\"><strong>GLOBAL BURN-OUT &#8211; CONFERENCE<\/strong><\/span><\/h2>\n<table style=\"width: 100%;\" border=\"0\" cellspacing=\"2\" cellpadding=\"2\">\n<tbody>\n<tr>\n<td><a href=\"\/wp-content\/uploads\/2014\/05\/Pascal-Chabot.jpg\"><img loading=\"lazy\" decoding=\"async\" class=\"size-full wp-image-9628 alignleft\" title=\"Pascal Chabot\" src=\"\/wp-content\/uploads\/2014\/05\/Pascal-Chabot.jpg\" alt=\"\" width=\"200\" height=\"150\" \/><\/a><\/td>\n<td>\n<div>\n<p><strong><span style=\"color: #ff0000;\">Pascal CHABOT<\/span><\/strong><\/p>\n<p>Professeur de philosopie<\/p>\n<p>Institut des Hautes Etudes en Communications sociales Bruxelles<\/p>\n<\/div>\n<\/td>\n<td>Il fallait \u00e9tablir ce constat : avant d&rsquo;\u00eatre un probl\u00e8me individuel, le burn-out, est d&rsquo;abord une<span style=\"color: #339966;\"><strong> pathologie de civilisation<\/strong><\/span>. Marqu\u00e9e par l&rsquo;acc\u00e9l\u00e9ration du temps, la soif de rentabilit\u00e9, les tensions entre le dispositif technique et des humains d\u00e9boussol\u00e9s, la postmodernit\u00e9 est devenue un pi\u00e8ge pour certaines personnes trop d\u00e9vou\u00e9es \u00e0 un syst\u00e8me dont elles cherchent en vain la reconnaissance.<\/p>\n<p style=\"text-align: justify;\">Le burn-out est une trag\u00e9die du monde moderne : un effondrement int\u00e9rieur qui consume l&rsquo;individu et ne laisse que des cendres. Effet inattendu de la fr\u00e9n\u00e9sie technologique et de l&rsquo;ivresse de la productivit\u00e9 sous toutes ses formes, il atteint les plus adapt\u00e9s, les mieux int\u00e9gr\u00e9s, les plus consciencieux des travailleurs intellectuels.<\/p>\n<p style=\"text-align: justify;\">Avec son livre Global Burn-Out, le philosophe Pascal Chabot propose une analyse claire et profonde de ce qu&rsquo;il consid\u00e8re comme le nouveau mal du si\u00e8cle. Successeur de la m\u00e9lancolie et de la neurasth\u00e9nie, le burn-out pourrait signer la d\u00e9chirure du sujet face \u00e0 une \u00e9poque qui lui impose un mod\u00e8le \u00e9tranger \u00e0 son humanit\u00e9 profonde. L&rsquo;<span style=\"color: #339966;\"><strong><span style=\"color: #000000;\">\u00ab<\/span>\u00e9puisement professionnel<span style=\"color: #000000;\">\u00bb<\/span>,<\/strong> <\/span>selon la terminologie m\u00e9dicale, est bien autre chose qu&rsquo;un surmenage ou une perte de motivation : une br\u00fblure de l&rsquo;\u00e2me chez ceux qui s&rsquo;engagent sans compter dans la logique d&rsquo;un syst\u00e8me socio-\u00e9conomique qui les broie m\u00e9thodiquement.<\/p>\n<p style=\"text-align: justify;\">Mais ce pi\u00e8ge n&rsquo;est pas une fatalit\u00e9. Pascal Chabot, outre l&rsquo;analyse qui en fait, propose des pistes int\u00e9ressantes de m\u00e9tamorphose qu&rsquo;il appartient \u00e0 la fois, \u00e0 l&rsquo;individu et \u00e0 la soci\u00e9t\u00e9\/Soci\u00e9t\u00e9 de tracer et de construire.<\/p>\n<p style=\"text-align: justify;\">Nous vous invitons \u00e0 acc\u00e9der au\u00a0<a href=\"http:\/\/scic.ec.europa.eu\/streaming\/index.php?es=2&amp;sessionno=66fae5b05c0f64c4d2bdcdf1ad85f7b2\"><span style=\"color: #0000ff;\">webstreaming de la conf\u00e9rence<\/span><\/a> ainsi qu&rsquo;au <a href=\"\/wp-content\/uploads\/2014\/05\/dossier-Burn-out-14.05.2014.pdf\"><span style=\"color: #0000ff;\">support \u00e9crit de l&rsquo;\u00e9v\u00e9nement<\/span><\/a>.<\/p>\n<\/td>\n<\/tr>\n<\/tbody>\n<\/table>\n","protected":false},"excerpt":{"rendered":"<p>GLOBAL BURN-OUT &#8211; CONFERENCE Pascal CHABOT Professeur de philosopie Institut des Hautes Etudes en Communications sociales Bruxelles Il fallait \u00e9tablir ce constat : avant d&rsquo;\u00eatre un probl\u00e8me individuel, le burn-out, est d&rsquo;abord une pathologie de civilisation. Marqu\u00e9e par l&rsquo;acc\u00e9l\u00e9ration du temps, la soif de rentabilit\u00e9, les tensions entre le dispositif technique et des humains d\u00e9boussol\u00e9s, [&hellip;]<\/p>\n","protected":false},"author":19,"featured_media":0,"parent":10982,"menu_order":0,"comment_status":"closed","ping_status":"closed","template":"","meta":{"footnotes":""},"_links":{"self":[{"href":"https:\/\/renouveau-democratie.eu\/fr\/wp-json\/wp\/v2\/pages\/10987"}],"collection":[{"href":"https:\/\/renouveau-democratie.eu\/fr\/wp-json\/wp\/v2\/pages"}],"about":[{"href":"https:\/\/renouveau-democratie.eu\/fr\/wp-json\/wp\/v2\/types\/page"}],"author":[{"embeddable":true,"href":"https:\/\/renouveau-democratie.eu\/fr\/wp-json\/wp\/v2\/users\/19"}],"replies":[{"embeddable":true,"href":"https:\/\/renouveau-democratie.eu\/fr\/wp-json\/wp\/v2\/comments?post=10987"}],"version-history":[{"count":29,"href":"https:\/\/renouveau-democratie.eu\/fr\/wp-json\/wp\/v2\/pages\/10987\/revisions"}],"predecessor-version":[{"id":11222,"href":"https:\/\/renouveau-democratie.eu\/fr\/wp-json\/wp\/v2\/pages\/10987\/revisions\/11222"}],"up":[{"embeddable":true,"href":"https:\/\/renouveau-democratie.eu\/fr\/wp-json\/wp\/v2\/pages\/10982"}],"wp:attachment":[{"href":"https:\/\/renouveau-democratie.eu\/fr\/wp-json\/wp\/v2\/media?parent=10987"}],"curies":[{"name":"wp","href":"https:\/\/api.w.org\/{rel}","templated":true}]}}