{"id":10974,"date":"2014-05-26T10:26:57","date_gmt":"2014-05-26T09:26:57","guid":{"rendered":"\/?page_id=10974"},"modified":"2021-01-07T00:38:22","modified_gmt":"2021-01-06T22:38:22","slug":"conferences","status":"publish","type":"page","link":"https:\/\/renouveau-democratie.eu\/fr\/conferences\/","title":{"rendered":"Conf\u00e9rences \/ Ev\u00e8nements"},"content":{"rendered":"\n<p>Toujours soucieux de votre bien-\u00eatre socio-professionnel et personnel, <strong>R&amp;D<\/strong> s&rsquo;applique \u00e0 organiser des conf\u00e9rences sur des th\u00e8mes vari\u00e9s: la sant\u00e9 et le bien-\u00eatre, des questions juridiques et autres probl\u00e8mes sociaux.<\/p>\n\n\n\n<p>Avec des intervenants de qualit\u00e9, <strong>R&amp;D<\/strong> souhaite mettre en place un espace o\u00f9 vous pouvez vous informer sur les sujets qui vous tiennent \u00e0 c\u0153ur, mais \u00e9galement avoir acc\u00e8s \u00e0 un lieu de ressource et d&rsquo;\u00e9coute.<\/p>\n\n\n\n<p>Si vous avez des sujets en particulier qui vous int\u00e9ressent, n&rsquo;h\u00e9sitez pas \u00e0 nous contacter pour nous faire part des th\u00e8mes que vous aimeriez voir pr\u00e9sent\u00e9s.<\/p>\n\n\n\n<div style=\"height:31px\" aria-hidden=\"true\" class=\"wp-block-spacer\"><\/div>\n\n\n\n<h2 class=\"wp-block-heading\">CONF\u00c9RENCES<\/h2>\n\n\n\n<div style=\"height:19px\" aria-hidden=\"true\" class=\"wp-block-spacer\"><\/div>\n\n\n\n<div class=\"wp-block-group has-white-background-color has-background\"><div class=\"wp-block-group__inner-container is-layout-flow wp-block-group-is-layout-flow\">\n<h2 class=\"wp-block-heading\">Juridique<\/h2>\n\n\n\n<div class=\"wp-block-columns is-layout-flex wp-container-core-columns-is-layout-1 wp-block-columns-is-layout-flex\">\n<div class=\"wp-block-column is-layout-flow wp-block-column-is-layout-flow\" style=\"flex-basis:33.33%\">\n<figure class=\"wp-block-image size-large\"><img loading=\"lazy\" decoding=\"async\" width=\"601\" height=\"401\" src=\"\/wp-content\/uploads\/2021\/01\/service-juridique-web.png\" alt=\"\" class=\"wp-image-22344\" srcset=\"https:\/\/renouveau-democratie.eu\/wp-content\/uploads\/2021\/01\/service-juridique-web.png 601w, https:\/\/renouveau-democratie.eu\/wp-content\/uploads\/2021\/01\/service-juridique-web-300x200.png 300w\" sizes=\"(max-width: 601px) 100vw, 601px\" \/><\/figure>\n<\/div>\n\n\n\n<div class=\"wp-block-column is-layout-flow wp-block-column-is-layout-flow\" style=\"flex-basis:66.66%\">\n<p><strong>Droit du travail en Europe<\/strong> \u2013 17.06.2019 <strong>(<a href=\"\/fr\/2019\/06\/conference-droit-du-travail-en-europe-sujets-dactualite-et-recents-developpements\/\">voir plus<\/a>)<\/strong><\/p>\n\n\n\n<p><strong>Vos droits \u00e0 pension<\/strong> \u2013 invit\u00e9s: avocats sp\u00e9cialis\u00e9s S\u00e9bastien Orlandi et Thomas Martin, 26.03.2019 <strong>(<a href=\"\/2019\/03\/conference-vos-droits-a-pension-la-jurisprudence-recente-et-ses-implications-pour-vous\/\">voir plus<\/a>)<\/strong><\/p>\n\n\n\n<p><strong>R\u00e9glementation applicable en mati\u00e8re de bail de r\u00e9sidence principale<\/strong> \u2013 de ma\u00eetre Rocco Spagnulo, 08.10.2015. <strong>Plus de d\u00e9tails (<a href=\"\/fr\/2015\/09\/13115\/\">lire<\/a>, voir les <a href=\"\/wp-content\/uploads\/2019\/10\/reglementations-bail-r%C3%A9sidence.pdf\">slides<\/a>).<\/strong><\/p>\n\n\n\n<p><strong>\u00c9galit\u00e9 des chances Femmes-Hommes &#8211; Freins institutionnels et r\u00e9sistances psychologiques<\/strong> \u2013 de professeure \u00e9m\u00e9rite de Psychologie sociale Annik Houel, 21.05.2015 <strong>(<a href=\"\/fr\/2015\/05\/egalite-des-chances-femmes-hommes-conference-jeudi-21-mai-2015\/\">voir plus<\/a>)<\/strong><\/p>\n\n\n\n<p><strong>Transfert des droits \u00e0 pension IN<\/strong> \u2013 invit\u00e9 ma\u00eetre S\u00e9bastien Orlandi, 27.02.2013 <strong>(<a href=\"\/wp-content\/uploads\/2019\/10\/Conf%C3%A9rence-Transfert-des-droits-a-pension.pdf\">voir plus<\/a>)<\/strong><\/p>\n<\/div>\n<\/div>\n\n\n\n<div style=\"height:46px\" aria-hidden=\"true\" class=\"wp-block-spacer\"><\/div>\n<\/div><\/div>\n\n\n\n<div style=\"height:100px\" aria-hidden=\"true\" class=\"wp-block-spacer\"><\/div>\n\n\n\n<div class=\"wp-block-group has-white-background-color has-background\"><div class=\"wp-block-group__inner-container is-layout-flow wp-block-group-is-layout-flow\">\n<h2 class=\"wp-block-heading\">Bien-Etre au travail<\/h2>\n\n\n\n<div class=\"wp-block-columns is-layout-flex wp-container-core-columns-is-layout-2 wp-block-columns-is-layout-flex\">\n<div class=\"wp-block-column is-layout-flow wp-block-column-is-layout-flow\" style=\"flex-basis:33.33%\">\n<figure class=\"wp-block-image size-large\"><img loading=\"lazy\" decoding=\"async\" width=\"601\" height=\"401\" src=\"\/wp-content\/uploads\/2020\/09\/Bien-Etre-web.png\" alt=\"\" class=\"wp-image-21076\" srcset=\"https:\/\/renouveau-democratie.eu\/wp-content\/uploads\/2020\/09\/Bien-Etre-web.png 601w, https:\/\/renouveau-democratie.eu\/wp-content\/uploads\/2020\/09\/Bien-Etre-web-300x200.png 300w\" sizes=\"(max-width: 601px) 100vw, 601px\" \/><\/figure>\n<\/div>\n\n\n\n<div class=\"wp-block-column is-layout-flow wp-block-column-is-layout-flow\" style=\"flex-basis:66.66%\">\n<h5 class=\"wp-block-heading\"><strong>Harc\u00e8lement<\/strong><\/h5>\n\n\n\n<ul><li><strong>Harc\u00e8lement au travail<\/strong> &#8211; de docteur en psychologie Marie Peze, psychanalyste, 04.11.2019 <strong>(<a href=\"\/wp-content\/uploads\/2019\/10\/Conf%C3%A9rence4nov2019.pdf\">voir plus<\/a>)<\/strong><\/li><li><strong>Harc\u00e8lement au travail \u2013 <\/strong>de docteur en m\u00e9dicine Marie-France Hirigoyen, psychiatre, psychoth\u00e9rapeute familiale et victimologue, 23.09.2014<strong>. <a href=\"\/wp-content\/uploads\/2015\/02\/Hirigoyen-link-video_F_EN.pdf\">Voir la conf\u00e9rence<\/a>. Plus de d\u00e9tails (<a href=\"\/fr\/2014\/09\/rd-vous-invite-a-une-conference-sur-le-harcelement-au-travail\/\">lire<\/a>).<\/strong><\/li><\/ul>\n\n\n\n<h5 class=\"wp-block-heading\"><strong>Burn \u2013 out<\/strong><\/h5>\n\n\n\n<ul><li><strong>Burn-out Comment y \u00e9chapper<\/strong>: les causes du nouveau mal du si\u00e8cle; les signes avant-coureurs; la Belgique \u00e0 la pointe de la pr\u00e9vention, 26.06.2014. <strong>Plus de d\u00e9tails (<a href=\"\/wp-content\/uploads\/2014\/06\/Burn-out-dossier-LE-VIF-EXPRESS1.pdf\">lire<\/a>).<\/strong><\/li><li><strong>Conf\u00e9rence sur les aspects th\u00e9rapeutiques et syst\u00e9miques du burn-out<\/strong> \u2013 de docteur Patrick Mesters et Roger Ortmans, 19.06.2014. <strong>Plus de d\u00e9tails (<a href=\"\/wp-content\/uploads\/2014\/09\/Compte-rendu-conf%C3%A9rence-Mesters-et-Ortmans-FR-VF.pdf\">pr\u00e9sentation en fran\u00e7ais<\/a>; <a href=\"\/wp-content\/uploads\/2014\/09\/Compte-rendu-conf%C3%A9rence-Mesters-et-Ortmans-EN-VF.pdf\">pr\u00e9sentation en anglais<\/a>; <a href=\"\/wp-content\/uploads\/2014\/09\/3-PM-Pr%C3%A9sentation-Lecture-R%C3%A9sum%C3%A9.pdf\">slides<\/a>).<\/strong><\/li><li><strong>Aspect global et soci\u00e9tal \u2013 <\/strong>de professeur de Philosophie Pascal Chabout, 14.05.2014.&nbsp;<strong> Plus de d\u00e9tails (<a href=\"\/wp-content\/uploads\/2014\/05\/dossier-Burn-out-14.05.2014.pdf\">lire<\/a>).<\/strong><\/li><li><strong>Stress and brain<\/strong> (<a href=\"http:\/\/www.suninus.eu\/\">www.suninus.eu<\/a>)<\/li><\/ul>\n\n\n\n<p><strong>Bien pos\u00e9, bien \u00e9lev\u00e9 et bien respirer!<\/strong> (<a href=\"http:\/\/www.yvonnepaire.com\/\">www.yvonnepaire.com<\/a>)<\/p>\n\n\n\n<p><strong>S\u00e9r\u00e9nit\u00e9<\/strong> (<a href=\"http:\/\/www.irenenolte.com\/\">www.irenenolte.com<\/a>)<\/p>\n<\/div>\n<\/div>\n<\/div><\/div>\n\n\n\n<div style=\"height:100px\" aria-hidden=\"true\" class=\"wp-block-spacer\"><\/div>\n\n\n\n<div class=\"wp-block-group has-white-background-color has-background\"><div class=\"wp-block-group__inner-container is-layout-flow wp-block-group-is-layout-flow\">\n<h2 class=\"wp-block-heading\">Harc\u00e8lement et violences scolaires<\/h2>\n\n\n\n<div class=\"wp-block-columns is-layout-flex wp-container-core-columns-is-layout-3 wp-block-columns-is-layout-flex\">\n<div class=\"wp-block-column is-layout-flow wp-block-column-is-layout-flow\" style=\"flex-basis:33.33%\">\n<figure class=\"wp-block-image size-large\"><img loading=\"lazy\" decoding=\"async\" width=\"601\" height=\"401\" src=\"\/wp-content\/uploads\/2021\/01\/EE-WEB.png\" alt=\"\" class=\"wp-image-22371\" srcset=\"https:\/\/renouveau-democratie.eu\/wp-content\/uploads\/2021\/01\/EE-WEB.png 601w, https:\/\/renouveau-democratie.eu\/wp-content\/uploads\/2021\/01\/EE-WEB-300x200.png 300w\" sizes=\"(max-width: 601px) 100vw, 601px\" \/><\/figure>\n<\/div>\n\n\n\n<div class=\"wp-block-column is-layout-flow wp-block-column-is-layout-flow\" style=\"flex-basis:66.66%\">\n<p>Bruno Humbeek 18.03.2019<strong> (<a href=\"\/2019\/02\/conference-18032019-prevention-of-bullying-and-violence-at-school\/\">voir<\/a>)<\/strong><\/p>\n<\/div>\n<\/div>\n<\/div><\/div>\n\n\n\n<div style=\"height:100px\" aria-hidden=\"true\" class=\"wp-block-spacer\"><\/div>\n\n\n\n<div class=\"wp-block-group has-white-background-color has-background\"><div class=\"wp-block-group__inner-container is-layout-flow wp-block-group-is-layout-flow\">\n<h2 class=\"wp-block-heading\">Sant\u00e9<\/h2>\n\n\n\n<div class=\"wp-block-columns is-layout-flex wp-container-core-columns-is-layout-4 wp-block-columns-is-layout-flex\">\n<div class=\"wp-block-column is-layout-flow wp-block-column-is-layout-flow\" style=\"flex-basis:33.33%\">\n<figure class=\"wp-block-image size-large\"><img loading=\"lazy\" decoding=\"async\" width=\"601\" height=\"401\" src=\"\/wp-content\/uploads\/2020\/09\/HEALTH-Web.png\" alt=\"\" class=\"wp-image-21080\" srcset=\"https:\/\/renouveau-democratie.eu\/wp-content\/uploads\/2020\/09\/HEALTH-Web.png 601w, https:\/\/renouveau-democratie.eu\/wp-content\/uploads\/2020\/09\/HEALTH-Web-300x200.png 300w\" sizes=\"(max-width: 601px) 100vw, 601px\" \/><\/figure>\n<\/div>\n\n\n\n<div class=\"wp-block-column is-layout-flow wp-block-column-is-layout-flow\" style=\"flex-basis:66.66%\">\n<ul id=\"block-ac6f69e8-c6cf-481c-8bb5-c6c81ec4731b\"><li><strong>La ma\u00eetrise du temps \u2013 <\/strong>une clef de performance et d&rsquo;\u00e9panouissement \u2013 de Pierre Moniz-Barreto, entrepreneur, 27.10.2015.<strong> Plus de d\u00e9tails (<a href=\"http:\/\/pierremonizbarreto.wixsite.com\/slowbusiness\">http:\/\/pierremonizbarreto.wixsite.com\/slowbusiness<\/a>; <a href=\"\/wp-content\/uploads\/2016\/03\/Time-Mastery-UE-2015-10.pdf\">pr\u00e9sentation<\/a>).<\/strong><\/li><li><strong>WiFi et Sant\u00e9<\/strong> \u2013 de Ralph Baden, expert en Biologie, 20.05.2014. <strong>Plus de d\u00e9tails (<a href=\"\/wp-content\/uploads\/2014\/05\/PTSAL003.mp3\">audio<\/a>; <a href=\"\/wp-content\/uploads\/2014\/05\/PTSAL004.mp3\">Q&amp;R audio<\/a>; <a href=\"\/wp-content\/uploads\/2014\/05\/brochure-wifi.pdf\">brochure<\/a>; <a href=\"\/wp-content\/uploads\/2019\/10\/slides-WIFI-et-sant%C3%A9.pdf\">slides<\/a>)<\/strong><\/li><li><strong>La gestion du temps et le sens du travail (Time Management and Meaning of Work)<\/strong> \u2013 de Pierre Moniz-Barreto, entrepreneur, 28.04.2015. <strong>Plus de d\u00e9tails<\/strong> <strong>(<a href=\"\/wp-content\/uploads\/2015\/10\/Dossier-conf%C3%A9rence-Time....pdf\">lire<\/a>, <a href=\"\/wp-content\/uploads\/2015\/05\/Time-Management-Meaning-by-PMB-20150428.pdf\">pr\u00e9sentation)<\/a>.<\/strong><\/li><\/ul>\n<\/div>\n<\/div>\n<\/div><\/div>\n\n\n\n<div style=\"height:100px\" aria-hidden=\"true\" class=\"wp-block-spacer\"><\/div>\n\n\n\n<h2 class=\"wp-block-heading\"><strong>EVENEMENTS<\/strong><\/h2>\n\n\n\n<div class=\"wp-block-columns is-layout-flex wp-container-core-columns-is-layout-5 wp-block-columns-is-layout-flex\">\n<div class=\"wp-block-column is-layout-flow wp-block-column-is-layout-flow\" style=\"flex-basis:33.33%\"><\/div>\n\n\n\n<div class=\"wp-block-column is-layout-flow wp-block-column-is-layout-flow\" style=\"flex-basis:66.66%\"><\/div>\n<\/div>\n\n\n\n<p><strong><em>Talents des Femmes<\/em><\/strong> du 04.05.2015 au 29.05.2015 <strong>(<a href=\"\/wp-content\/uploads\/2015\/05\/Talents-de-Femmes-FR-29042015.pdf\">voir<\/a>)<\/strong><\/p>\n","protected":false},"excerpt":{"rendered":"<p>Toujours soucieux de votre bien-\u00eatre socio-professionnel et personnel, R&amp;D s&rsquo;applique \u00e0 organiser des conf\u00e9rences sur des th\u00e8mes vari\u00e9s: la sant\u00e9 et le bien-\u00eatre, des questions juridiques et autres probl\u00e8mes sociaux. Avec des intervenants de qualit\u00e9, R&amp;D souhaite mettre en place un espace o\u00f9 vous pouvez vous informer sur les sujets qui vous tiennent \u00e0 c\u0153ur, [&hellip;]<\/p>\n","protected":false},"author":19,"featured_media":0,"parent":0,"menu_order":0,"comment_status":"closed","ping_status":"closed","template":"","meta":{"footnotes":""},"_links":{"self":[{"href":"https:\/\/renouveau-democratie.eu\/fr\/wp-json\/wp\/v2\/pages\/10974"}],"collection":[{"href":"https:\/\/renouveau-democratie.eu\/fr\/wp-json\/wp\/v2\/pages"}],"about":[{"href":"https:\/\/renouveau-democratie.eu\/fr\/wp-json\/wp\/v2\/types\/page"}],"author":[{"embeddable":true,"href":"https:\/\/renouveau-democratie.eu\/fr\/wp-json\/wp\/v2\/users\/19"}],"replies":[{"embeddable":true,"href":"https:\/\/renouveau-democratie.eu\/fr\/wp-json\/wp\/v2\/comments?post=10974"}],"version-history":[{"count":40,"href":"https:\/\/renouveau-democratie.eu\/fr\/wp-json\/wp\/v2\/pages\/10974\/revisions"}],"predecessor-version":[{"id":22374,"href":"https:\/\/renouveau-democratie.eu\/fr\/wp-json\/wp\/v2\/pages\/10974\/revisions\/22374"}],"wp:attachment":[{"href":"https:\/\/renouveau-democratie.eu\/fr\/wp-json\/wp\/v2\/media?parent=10974"}],"curies":[{"name":"wp","href":"https:\/\/api.w.org\/{rel}","templated":true}]}}