{"id":10683,"date":"2014-02-25T15:56:39","date_gmt":"2014-02-25T14:56:39","guid":{"rendered":"\/?page_id=10683"},"modified":"2014-02-25T16:07:44","modified_gmt":"2014-02-25T15:07:44","slug":"modeles-de-reclamation-art-90","status":"publish","type":"page","link":"https:\/\/renouveau-democratie.eu\/fr\/14894-2\/concours-internes-2013\/modeles-de-reclamation-art-90\/","title":{"rendered":"Mod\u00e8les de r\u00e9clamation Art. 90"},"content":{"rendered":"<p>Pour avoir un mod\u00e8le de r\u00e9clamation cliquez <a href=\"\/wp-content\/uploads\/2014\/02\/Talent-screener-template.re14.docx\">ici<\/a><\/p>\n","protected":false},"excerpt":{"rendered":"<p>Pour avoir un mod\u00e8le de r\u00e9clamation cliquez ici<\/p>\n","protected":false},"author":19,"featured_media":0,"parent":9487,"menu_order":0,"comment_status":"closed","ping_status":"closed","template":"","meta":{"footnotes":""},"_links":{"self":[{"href":"https:\/\/renouveau-democratie.eu\/fr\/wp-json\/wp\/v2\/pages\/10683"}],"collection":[{"href":"https:\/\/renouveau-democratie.eu\/fr\/wp-json\/wp\/v2\/pages"}],"about":[{"href":"https:\/\/renouveau-democratie.eu\/fr\/wp-json\/wp\/v2\/types\/page"}],"author":[{"embeddable":true,"href":"https:\/\/renouveau-democratie.eu\/fr\/wp-json\/wp\/v2\/users\/19"}],"replies":[{"embeddable":true,"href":"https:\/\/renouveau-democratie.eu\/fr\/wp-json\/wp\/v2\/comments?post=10683"}],"version-history":[{"count":6,"href":"https:\/\/renouveau-democratie.eu\/fr\/wp-json\/wp\/v2\/pages\/10683\/revisions"}],"predecessor-version":[{"id":10686,"href":"https:\/\/renouveau-democratie.eu\/fr\/wp-json\/wp\/v2\/pages\/10683\/revisions\/10686"}],"up":[{"embeddable":true,"href":"https:\/\/renouveau-democratie.eu\/fr\/wp-json\/wp\/v2\/pages\/9487"}],"wp:attachment":[{"href":"https:\/\/renouveau-democratie.eu\/fr\/wp-json\/wp\/v2\/media?parent=10683"}],"curies":[{"name":"wp","href":"https:\/\/api.w.org\/{rel}","templated":true}]}}